{"id":2367,"date":"2025-06-02T23:55:13","date_gmt":"2025-06-03T03:55:13","guid":{"rendered":"https:\/\/revol.sport\/?post_type=product&#038;p=2367"},"modified":"2025-07-18T01:26:02","modified_gmt":"2025-07-18T05:26:02","slug":"2-balles-revol","status":"publish","type":"product","link":"https:\/\/revol.sport\/fr\/produit\/2-balles-revol\/","title":{"rendered":"PR\u00c9COMMANDE pour \u00c9-U &#038; Canada | 2 balles Revol"},"content":{"rendered":"<p>PR\u00c9COMMANDE pour \u00c9-U &amp; Canada : L&rsquo;envoi des balles devrait se faire avant la mi-ao\u00fbt 2025.<\/p>\n<p>Les balles devraient \u00eatre disponibles aupr\u00e8s de nos distributeurs europ\u00e9ens fin juillet 2025.<\/p>\n","protected":false},"excerpt":{"rendered":"<p>PR\u00c9COMMANDE pour \u00c9-U &amp; Canada : L&rsquo;envoi des balles devrait se faire avant la mi-ao\u00fbt 2025. Les balles devraient \u00eatre disponibles aupr\u00e8s de nos distributeurs europ\u00e9ens fin juillet 2025.<\/p>\n","protected":false},"featured_media":2437,"template":"","meta":{"wds_primary_product_brand":0,"wds_primary_product_cat":0},"product_brand":[],"product_cat":[],"product_tag":[],"class_list":{"0":"post-2367","1":"product","2":"type-product","3":"status-publish","4":"has-post-thumbnail","6":"first","7":"instock","8":"taxable","9":"shipping-taxable","10":"purchasable","11":"product-type-simple"},"jetpack_sharing_enabled":true,"_links":{"self":[{"href":"https:\/\/revol.sport\/fr\/wp-json\/wp\/v2\/product\/2367","targetHints":{"allow":["GET"]}}],"collection":[{"href":"https:\/\/revol.sport\/fr\/wp-json\/wp\/v2\/product"}],"about":[{"href":"https:\/\/revol.sport\/fr\/wp-json\/wp\/v2\/types\/product"}],"wp:featuredmedia":[{"embeddable":true,"href":"https:\/\/revol.sport\/fr\/wp-json\/wp\/v2\/media\/2437"}],"wp:attachment":[{"href":"https:\/\/revol.sport\/fr\/wp-json\/wp\/v2\/media?parent=2367"}],"wp:term":[{"taxonomy":"product_brand","embeddable":true,"href":"https:\/\/revol.sport\/fr\/wp-json\/wp\/v2\/product_brand?post=2367"},{"taxonomy":"product_cat","embeddable":true,"href":"https:\/\/revol.sport\/fr\/wp-json\/wp\/v2\/product_cat?post=2367"},{"taxonomy":"product_tag","embeddable":true,"href":"https:\/\/revol.sport\/fr\/wp-json\/wp\/v2\/product_tag?post=2367"}],"curies":[{"name":"wp","href":"https:\/\/api.w.org\/{rel}","templated":true}]}}