{"id":2289,"date":"2024-05-28T00:08:57","date_gmt":"2024-05-28T04:08:57","guid":{"rendered":"https:\/\/revol.sport\/produit\/revol-pro-kit\/"},"modified":"2024-10-25T18:29:18","modified_gmt":"2024-10-25T22:29:18","slug":"revol-pro-kit","status":"publish","type":"product","link":"https:\/\/revol.sport\/fr\/produit\/revol-pro-kit\/","title":{"rendered":"Ensemble Revol Pro"},"content":{"rendered":"","protected":false},"excerpt":{"rendered":"<p>L&rsquo;ensemble Revol Pro comprend une surface de jeu Revol ainsi qu&rsquo;une balle Revol Pro. C&rsquo;est l&rsquo;ensemble officiel de tournoi!<\/p>\n<p>La balle Pro est faite \u00e0 la main de mat\u00e9riaux de haute qualit\u00e9. Elle a plus de texture et rebondit plus qu&rsquo;une balle de roundnet en plastique.<\/p>\n<p>La surface de jeu vient avec deux pattes suppl\u00e9mentaires pour un rebond optimal.<\/p>\n","protected":false},"featured_media":2322,"template":"","meta":{"wds_primary_product_brand":0,"wds_primary_product_cat":0},"product_brand":[],"product_cat":[],"product_tag":[],"class_list":{"0":"post-2289","1":"product","2":"type-product","3":"status-publish","4":"has-post-thumbnail","6":"first","7":"instock","8":"taxable","9":"shipping-taxable","10":"purchasable","11":"product-type-simple"},"jetpack_sharing_enabled":true,"_links":{"self":[{"href":"https:\/\/revol.sport\/fr\/wp-json\/wp\/v2\/product\/2289","targetHints":{"allow":["GET"]}}],"collection":[{"href":"https:\/\/revol.sport\/fr\/wp-json\/wp\/v2\/product"}],"about":[{"href":"https:\/\/revol.sport\/fr\/wp-json\/wp\/v2\/types\/product"}],"wp:featuredmedia":[{"embeddable":true,"href":"https:\/\/revol.sport\/fr\/wp-json\/wp\/v2\/media\/2322"}],"wp:attachment":[{"href":"https:\/\/revol.sport\/fr\/wp-json\/wp\/v2\/media?parent=2289"}],"wp:term":[{"taxonomy":"product_brand","embeddable":true,"href":"https:\/\/revol.sport\/fr\/wp-json\/wp\/v2\/product_brand?post=2289"},{"taxonomy":"product_cat","embeddable":true,"href":"https:\/\/revol.sport\/fr\/wp-json\/wp\/v2\/product_cat?post=2289"},{"taxonomy":"product_tag","embeddable":true,"href":"https:\/\/revol.sport\/fr\/wp-json\/wp\/v2\/product_tag?post=2289"}],"curies":[{"name":"wp","href":"https:\/\/api.w.org\/{rel}","templated":true}]}}