{"id":2156,"date":"2021-04-15T19:03:30","date_gmt":"2021-04-15T23:03:30","guid":{"rendered":"https:\/\/revol.sport\/?page_id=2156"},"modified":"2022-09-20T15:00:17","modified_gmt":"2022-09-20T19:00:17","slug":"conditions-dutilisation","status":"publish","type":"page","link":"https:\/\/revol.sport\/fr\/conditions-dutilisation\/","title":{"rendered":"Conditions d&rsquo;utilisation"},"content":{"rendered":"\n<h1 class=\"wp-block-heading\">Conditions d&rsquo;utilisation<\/h1>\n\n\n\n<p>Les pr\u00e9sentes conditions g\u00e9n\u00e9rales r\u00e9gissent l\u2019utilisation du site <a href=\"http:\/\/www.revol.sport\/\"><em>www.revol.sport<\/em>.<\/a><\/p>\n\n\n\n<p>Ce site appartient et est g\u00e9r\u00e9 par Revol Sports Inc.<\/p>\n\n\n\n<p>En utilisant ce site, vous indiquez que vous avez lu et compris les conditions d\u2019utilisation et que vous acceptez de les respecter en tout temps.<\/p>\n\n\n\n<p>Type de site : e-commerce<\/p>\n\n\n\n<h3 class=\"wp-block-heading\"><strong>Propri\u00e9t\u00e9 intellectuelle<\/strong><\/h3>\n\n\n\n<p>Tout contenu publi\u00e9 et mis \u00e0 disposition sur ce site est la propri\u00e9t\u00e9 de Revol Sports Inc. et de ses cr\u00e9ateurs. Cela comprend, mais n\u2019est pas limit\u00e9 aux images, textes, logos, documents, fichiers t\u00e9l\u00e9chargeables et tout ce qui contribue \u00e0 la composition de ce site.<\/p>\n\n\n\n<h3 class=\"wp-block-heading\"><strong>Restrictions d&rsquo;\u00e2ge<\/strong><\/h3>\n\n\n\n<p>L\u2019\u00e2ge minimum pour utiliser ce site est de 13 ans. Les utilisateurs conviennent qu\u2019en utilisant notre site, ils ont plus de 13 ans. Nous n\u2019assumons aucune responsabilit\u00e9 juridique pour les fausses d\u00e9clarations sur l\u2019\u00e2ge.<\/p>\n\n\n\n<h3 class=\"wp-block-heading\"><strong>Utilisation acceptable<\/strong><\/h3>\n\n\n\n<p>En tant qu\u2019utilisateur, vous acceptez d\u2019utiliser notre site l\u00e9galement et de ne pas utiliser ce site pour des fins illicites, \u00e0 savoir :<\/p>\n\n\n\n<ul class=\"wp-block-list\"><li>Violer les droits de propri\u00e9t\u00e9 intellectuelle des propri\u00e9taires du site ou de tout tiers au site<\/li><\/ul>\n\n\n\n<ul class=\"wp-block-list\"><li>Agir de toute fa\u00e7on qui pourrait \u00eatre consid\u00e9r\u00e9e comme frauduleuse<\/li><\/ul>\n\n\n\n<ul class=\"wp-block-list\"><li>Participer \u00e0 toute activit\u00e9 ill\u00e9gale sur le site<\/li><\/ul>\n\n\n\n<p>Si nous estimons que vous utilisez ce site ill\u00e9galement ou d\u2019une mani\u00e8re qui viole les conditions d\u2019utilisation acceptable ci-dessus, nous nous r\u00e9servons le droit de limiter, suspendre ou r\u00e9silier votre acc\u00e8s \u00e0 ce site. Nous nous r\u00e9servons \u00e9galement le droit de prendre toutes les mesures juridiques n\u00e9cessaires pour vous emp\u00eacher d\u2019acc\u00e9der \u00e0 notre site.<\/p>\n\n\n\n<h3 class=\"wp-block-heading\"><strong>Ventes des biens et services<\/strong><\/h3>\n\n\n\n<p>Ce document r\u00e9git la vente des biens mis \u00e0 disposition sur notre site. Les biens que nous offrons comprennent :<\/p>\n\n\n\n<ul class=\"wp-block-list\"><li>Surface de jeu Revol<\/li><li>Balle Sunny 300<\/li><li>V\u00eatements Revol<\/li><\/ul>\n\n\n\n<p>Les biens li\u00e9s \u00e0 ce document sont les biens qui sont affich\u00e9s sur notre site au moment o\u00f9 vous y acc\u00e9dez. Cela comprend tous les produits \u00e9num\u00e9r\u00e9s comme \u00e9tant en rupture de stock. Toutes les informations, descriptions ou images que nous fournissons sur nos biens sont d\u00e9crites et pr\u00e9sent\u00e9es avec la plus grande pr\u00e9cision possible. Cependant, nous ne sommes pas l\u00e9galement tenus par ces informations, descriptions ou images car nous ne pouvons pas garantir l\u2019exactitude de chaque produit ou service que nous fournissons. Vous acceptez d\u2019acheter ces biens \u00e0 vos propres risques.<\/p>\n\n\n\n<h3 class=\"wp-block-heading\"><strong>Paiements<\/strong><\/h3>\n\n\n\n<p>Nous acceptons les modes de paiement suivants sur ce site :<\/p>\n\n\n\n<ul class=\"wp-block-list\"><li>Carte bancaire<\/li><\/ul>\n\n\n\n<ul class=\"wp-block-list\"><li>PayPal<\/li><\/ul>\n\n\n\n<p>Lorsque vous nous fournissez vos renseignements de paiement, vous nous confirmez que vous avez autoris\u00e9 l\u2019utilisation et l\u2019acc\u00e8s \u00e0 l\u2019instrument de paiement que vous avez choisi d\u2019utiliser. En nous fournissant vos d\u00e9tails de paiement, vous confirmez que vous nous autorisez \u00e0 facturer le montant d\u00fb \u00e0 cet instrument de paiement.<\/p>\n\n\n\n<p>Si nous estimons que votre paiement a viol\u00e9 une loi ou l\u2019une de nos conditions d\u2019utilisation, nous nous r\u00e9servons le droit d\u2019annuler votre transaction.<\/p>\n\n\n\n<h3 class=\"wp-block-heading\"><strong>Transport et livraison<\/strong><\/h3>\n\n\n\n<p>Lorsque vous effectuez un achat sur notre site, vous acceptez et reconnaissez de fournir un email valide et une adresse d\u2019exp\u00e9dition pour la commande. Nous nous r\u00e9servons le droit de modifier, rejeter ou annuler votre commande chaque fois que cela devient n\u00e9cessaire. Si nous annulons votre commande et avons d\u00e9j\u00e0 trait\u00e9 votre paiement, nous vous donnerons un remboursement \u00e9quivalent au montant que vous avez pay\u00e9. Vous convenez qu\u2019il vous incombe de surveiller votre mode de paiement. Bien que nous visions \u00e0 vous fournir une estimation pr\u00e9cise des d\u00e9lais et des co\u00fbts d\u2019exp\u00e9dition, ceux-ci peuvent varier en raison de circonstances impr\u00e9vues.<\/p>\n\n\n\n<h3 class=\"wp-block-heading\"><strong>Remboursement<\/strong><\/h3>\n\n\n\n<p><em>Remboursement des biens<\/em><\/p>\n\n\n\n<p>Nous acceptons les demandes de remboursement sur notre site pour les produits qui r\u00e9pondent \u00e0 l\u2019une des exigences suivantes :<\/p>\n\n\n\n<ol class=\"wp-block-list\"><li>le bien est cass\u00e9<\/li><\/ol>\n\n\n\n<ol class=\"wp-block-list\" start=\"2\"><li>le bien est de la mauvaise taille<\/li><\/ol>\n\n\n\n<ol class=\"wp-block-list\" start=\"3\"><li>Le bien ne r\u00e9pond pas aux attentes de l\u2019utilisateur<\/li><\/ol>\n\n\n\n<p>Les demandes de remboursement peuvent \u00eatre faites dans les d\u00e9lais de 30 jours apr\u00e8s la r\u00e9ception de vos biens.<\/p>\n\n\n\n<h3 class=\"wp-block-heading\"><strong>Retours<\/strong><\/h3>\n\n\n\n<p>Veuillez suivre cette proc\u00e9dure pour retourner vos articles par la poste :<\/p>\n\n\n\n<p>Emballez vos biens et apposez l&rsquo;\u00e9tiquette de retour qu&rsquo;on vous enverra. Rendez-vous au bureau de poste le plus proche et payez les frais d&rsquo;affranchissement n\u00e9cessaires.<\/p>\n\n\n\n<h3 class=\"wp-block-heading\"><strong>Garanties<\/strong><\/h3>\n\n\n\n<p>1. Garantie limit\u00e9e d&rsquo;un an<\/p>\n\n\n\n<h3 class=\"wp-block-heading\"><strong>Limitation de responsabilit\u00e9<\/strong><\/h3>\n\n\n\n<p>Revol Sports Inc. ou l\u2019un de ses employ\u00e9s sera tenu responsable de tout probl\u00e8me d\u00e9coulant de ce site.<\/p>\n\n\n\n<p>N\u00e9anmoins, Revol Sports Inc. et ses employ\u00e9s ne seront pas tenus responsables de tout probl\u00e8me d\u00e9coulant de toute utilisation irr\u00e9guli\u00e8re de ce site.<\/p>\n\n\n\n<h3 class=\"wp-block-heading\"><strong>Indemnit\u00e9<\/strong><\/h3>\n\n\n\n<p>En tant qu\u2019utilisateur, vous indemnisez par les pr\u00e9sentes Revol Sports Inc. de toute responsabilit\u00e9, de tout co\u00fbt, de toute cause d\u2019action, de tout dommage ou de toute d\u00e9pense d\u00e9coulant de votre utilisation de ce site ou de votre violation de l\u2019une des dispositions \u00e9nonc\u00e9es dans le pr\u00e9sent document.<\/p>\n\n\n\n<h3 class=\"wp-block-heading\"><strong>Lois applicables<\/strong><\/h3>\n\n\n\n<p>Ce document est soumis aux lois applicables du Canada et vise \u00e0 se conformer \u00e0 ses r\u00e8gles et r\u00e8glements n\u00e9cessaires.<\/p>\n\n\n\n<p>Pour les r\u00e9sidents de l\u2019UE, le RGPD est la loi applicable qui r\u00e9git ce document. En cas d\u2019incompatibilit\u00e9 entre une disposition du pr\u00e9sent document et le RGPD, les r\u00e8gles du RGPD auront pr\u00e9s\u00e9ance.<\/p>\n\n\n\n<h3 class=\"wp-block-heading\"><strong>Divisibilit\u00e9<\/strong><\/h3>\n\n\n\n<p>Si, \u00e0 tout moment, l\u2019une des dispositions \u00e9nonc\u00e9es dans le pr\u00e9sent document est jug\u00e9e incompatible ou invalide en vertu des lois applicables, ces dispositions seront consid\u00e9r\u00e9es comme nulles et seront retir\u00e9es du pr\u00e9sent document. Toutes les autres dispositions ne seront pas touch\u00e9es par les lois et le reste du document sera toujours consid\u00e9r\u00e9 comme valide.<\/p>\n\n\n\n<h3 class=\"wp-block-heading\"><strong>Modifications<\/strong><\/h3>\n\n\n\n<p>Ces conditions g\u00e9n\u00e9rales peuvent \u00eatre modifi\u00e9es de temps \u00e0 autre afin de maintenir le respect de la loi et de refl\u00e9ter tout changement \u00e0 la fa\u00e7on dont nous g\u00e9rons notre site et la fa\u00e7on dont nous nous attendons \u00e0 ce que les utilisateurs se comportent sur notre site. Nous recommandons \u00e0 nos utilisateurs de v\u00e9rifier ces conditions g\u00e9n\u00e9rales de temps \u00e0 autre pour s\u2019assurer qu\u2019ils sont inform\u00e9s de toute mise \u00e0 jour. Au besoin, nous informerons les utilisateurs par courriel des changements apport\u00e9s \u00e0 ces conditions ou nous afficherons un avis sur notre site.<\/p>\n\n\n\n<h3 class=\"wp-block-heading\"><strong>Contact<\/strong><\/h3>\n\n\n\n<p>Veuillez communiquer avec nous si vous avez des questions ou des pr\u00e9occupations. Nos coordonn\u00e9es sont les suivantes :<\/p>\n\n\n\n<p><a href=\"mailto:info@revol.sport\">info@revol.sport<\/a><\/p>\n\n\n\n<p><em>Date d&rsquo;entr\u00e9e en vigueur : <\/em>1er ao\u00fbt 2022.<\/p>\n","protected":false},"excerpt":{"rendered":"<p>Conditions d&rsquo;utilisation Les pr\u00e9sentes conditions g\u00e9n\u00e9rales r\u00e9gissent l\u2019utilisation du site www.revol.sport. Ce site appartient et est g\u00e9r\u00e9 par Revol Sports Inc. En utilisant ce site, vous indiquez que vous avez&#8230;<\/p>\n","protected":false},"author":1,"featured_media":0,"parent":0,"menu_order":0,"comment_status":"closed","ping_status":"open","template":"","meta":{"footnotes":""},"class_list":["post-2156","page","type-page","status-publish"],"jetpack_sharing_enabled":true,"_links":{"self":[{"href":"https:\/\/revol.sport\/fr\/wp-json\/wp\/v2\/pages\/2156","targetHints":{"allow":["GET"]}}],"collection":[{"href":"https:\/\/revol.sport\/fr\/wp-json\/wp\/v2\/pages"}],"about":[{"href":"https:\/\/revol.sport\/fr\/wp-json\/wp\/v2\/types\/page"}],"author":[{"embeddable":true,"href":"https:\/\/revol.sport\/fr\/wp-json\/wp\/v2\/users\/1"}],"replies":[{"embeddable":true,"href":"https:\/\/revol.sport\/fr\/wp-json\/wp\/v2\/comments?post=2156"}],"version-history":[{"count":0,"href":"https:\/\/revol.sport\/fr\/wp-json\/wp\/v2\/pages\/2156\/revisions"}],"wp:attachment":[{"href":"https:\/\/revol.sport\/fr\/wp-json\/wp\/v2\/media?parent=2156"}],"curies":[{"name":"wp","href":"https:\/\/api.w.org\/{rel}","templated":true}]}}