{"id":2142,"date":"2021-08-04T14:24:23","date_gmt":"2021-08-04T18:24:23","guid":{"rendered":"https:\/\/revol.sport\/privacy-policy\/"},"modified":"2022-09-20T14:59:54","modified_gmt":"2022-09-20T18:59:54","slug":"politique-de-confidentialite","status":"publish","type":"page","link":"https:\/\/revol.sport\/fr\/politique-de-confidentialite\/","title":{"rendered":"Politique de confidentialit\u00e9"},"content":{"rendered":"<h1>Politique de confidentialit\u00e9<\/h1>\n<p>Type de site : e-commerce<br \/>\nDate d\u2019entr\u00e9e en vigueur : 1er ao\u00fbt 2022<\/p>\n<h3>Le but de cette politique de confidentialit\u00e9<\/h3>\n<p><span style=\"font-weight: 400;\">Le but de cette politique de confidentialit\u00e9 est d&rsquo;informer les utilisateurs de notre site des informations suivantes, le cas \u00e9ch\u00e9ant :<\/span><\/p>\n<ol>\n<li style=\"font-weight: 400;\" aria-level=\"1\"><span style=\"font-weight: 400;\">Les donn\u00e9es personnelles que nous recueillerons<\/span><\/li>\n<li style=\"font-weight: 400;\" aria-level=\"1\"><span style=\"font-weight: 400;\">L\u2019utilisation des donn\u00e9es recueillies<\/span><\/li>\n<li style=\"font-weight: 400;\" aria-level=\"1\"><span style=\"font-weight: 400;\">Qui a acc\u00e8s aux donn\u00e9es recueillies<\/span><\/li>\n<li style=\"font-weight: 400;\" aria-level=\"1\"><span style=\"font-weight: 400;\">Les droits des utilisateurs du site<\/span><\/li>\n<li style=\"font-weight: 400;\" aria-level=\"1\"><span style=\"font-weight: 400;\">La politique de cookies du site<\/span><\/li>\n<\/ol>\n<p><span style=\"font-weight: 400;\">Cette politique de confidentialit\u00e9 fonctionne parall\u00e8lement aux conditions g\u00e9n\u00e9rales d\u2019utilisation de notre site.<\/span><\/p>\n<h3>Lois applicables<\/h3>\n<p><span style=\"font-weight: 400;\">Cette politique est conforme aux lois \u00e9nonc\u00e9es dans la <\/span><i><span style=\"font-weight: 400;\">loi sur la protection des renseignements personnels et les documents \u00e9lectroniques <\/span><\/i><span style=\"font-weight: 400;\">(LPRPDE).<\/span><\/p>\n<p><span style=\"font-weight: 400;\">Pour les r\u00e9sidents des pays de l\u2019UE, le <\/span><i><span style=\"font-weight: 400;\">R\u00e8glement g\u00e9n\u00e9ral sur la protection des donn\u00e9es <\/span><\/i><span style=\"font-weight: 400;\">(RGDP) r\u00e9git toutes les politiques de protection des donn\u00e9es, quel que soit l\u2019endroit o\u00f9 se trouve le site. La pr\u00e9sente politique de confidentialit\u00e9 vise \u00e0 se conformer au RGDP. S\u2019il y a des incoh\u00e9rences entre la pr\u00e9sente\u00a0<\/span><span style=\"font-weight: 400;\">politique et le RGDP, le RGDP s\u2019appliquera.<\/span><\/p>\n<p><span style=\"font-weight: 400;\">Pour les r\u00e9sidents de l\u2019\u00c9tat de Californie, cette politique de confidentialit\u00e9 vise \u00e0 se conformer \u00e0 la <\/span><i><span style=\"font-weight: 400;\">California Consumer Privacy Act (CCPA)<\/span><\/i><span style=\"font-weight: 400;\">. S\u2019il y a des incoh\u00e9rences entre ce document et la <\/span><i><span style=\"font-weight: 400;\">CCPA<\/span><\/i><span style=\"font-weight: 400;\">, la l\u00e9gislation de l\u2019\u00c9tat s\u2019appliquera. Si nous constatons des incoh\u00e9rences, nous modifierons notre politique pour nous conformer \u00e0 la loi pertinente.<\/span><\/p>\n<h3>Consentement<\/h3>\n<p>Les utilisateurs conviennent qu\u2019en utilisant notre site, ils consentent :<\/p>\n<p>a. aux conditions \u00e9nonc\u00e9es dans la pr\u00e9sente politique de confidentialit\u00e9 et<\/p>\n<p>b. \u00e0 la collecte, l\u2019utilisation et la conservation des donn\u00e9es \u00e9num\u00e9r\u00e9es dans la pr\u00e9sente politique.<\/p>\n<h3>Donn\u00e9es personnelles que nous collectons<\/h3>\n<h4><strong>Donn\u00e9es collect\u00e9es automatiquement<\/strong><\/h4>\n<p><span style=\"font-weight: 400;\">Lorsque vous visitez et utilisez notre site, nous pouvons automatiquement recueillir et conserver les renseignements suivants :<\/span><\/p>\n<ol>\n<li style=\"font-weight: 400;\" aria-level=\"1\"><span style=\"font-weight: 400;\">Adresse IP<\/span><\/li>\n<li style=\"font-weight: 400;\" aria-level=\"1\"><span style=\"font-weight: 400;\">Lieu<\/span><\/li>\n<li style=\"font-weight: 400;\" aria-level=\"1\"><span style=\"font-weight: 400;\">Liens un utilisateur clique tout en utilisant le site<\/span><\/li>\n<li style=\"font-weight: 400;\" aria-level=\"1\"><span style=\"font-weight: 400;\">Contenu que l\u2019utilisateur consulte sur votre site<\/span><\/li>\n<\/ol>\n<h4>Donn\u00e9es recueillies de fa\u00e7on non automatique<\/h4>\n<p><span style=\"font-weight: 400;\">Nous pouvons \u00e9galement collecter les donn\u00e9es suivantes lorsque vous effectuez certaines fonctions sur notre site :<\/span><span style=\"font-weight: 400;\"><br \/>\n<\/span><\/p>\n<ol>\n<li style=\"font-weight: 400;\" aria-level=\"1\"><span style=\"font-weight: 400;\">Pr\u00e9nom et nom<\/span><\/li>\n<li style=\"font-weight: 400;\" aria-level=\"1\"><span style=\"font-weight: 400;\">Email<\/span><\/li>\n<li style=\"font-weight: 400;\" aria-level=\"1\"><span style=\"font-weight: 400;\">Num\u00e9ro de t\u00e9l\u00e9phone<\/span><\/li>\n<li style=\"font-weight: 400;\" aria-level=\"1\"><span style=\"font-weight: 400;\">Domicile<\/span><\/li>\n<li style=\"font-weight: 400;\" aria-level=\"1\"><span style=\"font-weight: 400;\">Information de paiement<\/span><\/li>\n<li style=\"font-weight: 400;\" aria-level=\"1\"><span style=\"font-weight: 400;\">Donn\u00e9es de remplissage automatique<\/span><\/li>\n<\/ol>\n<p><span style=\"font-weight: 400;\">Ces donn\u00e9es peuvent \u00eatre recueillies au moyen des m\u00e9thodes suivantes :<\/span><\/p>\n<p><span style=\"font-weight: 400;\">Formulaire de paiement<\/span><\/p>\n<p><span style=\"font-weight: 400;\">Abonnement \u00e0 une infolettre<\/span><\/p>\n<p><span style=\"font-weight: 400;\">Veuillez noter que nous ne collectons que les donn\u00e9es qui nous aident \u00e0 atteindre l\u2019objectif \u00e9nonc\u00e9 dans cette politique de confidentialit\u00e9. Nous ne recueillerons pas de donn\u00e9es suppl\u00e9mentaires sans vous en informer au pr\u00e9alable.<\/span><\/p>\n<h3>Comment nous utilisons les donn\u00e9es personnelles<\/h3>\n<p><span style=\"font-weight: 400;\">Les donn\u00e9es personnelles recueillies sur notre site seront utilis\u00e9es uniquement aux fins pr\u00e9cis\u00e9es dans la pr\u00e9sente politique ou indiqu\u00e9es sur les pages pertinentes de notre site. Nous n\u2019utiliserons pas vos donn\u00e9es au-del\u00e0 de ce que nous divulguerons.<\/span><\/p>\n<p><span style=\"font-weight: 400;\">Les donn\u00e9es que nous recueillons automatiquement sont utilis\u00e9es aux fins suivantes :<\/span><\/p>\n<ol>\n<li style=\"font-weight: 400;\" aria-level=\"1\"><span style=\"font-weight: 400;\">Statistiques<\/span><\/li>\n<li style=\"font-weight: 400;\" aria-level=\"1\"><span style=\"font-weight: 400;\">Am\u00e9lioration<\/span><\/li>\n<\/ol>\n<p><span style=\"font-weight: 400;\">Les donn\u00e9es que nous recueillons lorsque l\u2019utilisateur ex\u00e9cute certaines fonctions peuvent \u00eatre utilis\u00e9es <\/span><span style=\"font-weight: 400;\">aux fins suivantes :<\/span><\/p>\n<ol>\n<li style=\"font-weight: 400;\" aria-level=\"1\"><span style=\"font-weight: 400;\">Paiement<\/span><\/li>\n<li style=\"font-weight: 400;\" aria-level=\"1\"><span style=\"font-weight: 400;\">Livraison<\/span><\/li>\n<li style=\"font-weight: 400;\" aria-level=\"1\"><span style=\"font-weight: 400;\">Communication<\/span><\/li>\n<\/ol>\n<h4>Avec<b> qui nous partageons les donn\u00e9es personnelles Employ\u00e9s<\/b><\/h4>\n<p><span style=\"font-weight: 400;\">Nous pouvons divulguer \u00e0 tout membre de notre organisation les donn\u00e9es utilisateur dont il a raisonnablement besoin pour r\u00e9aliser les objectifs \u00e9nonc\u00e9s dans la pr\u00e9sente politique.<\/span><\/p>\n<h4>Tierces parties<\/h4>\n<p><span style=\"font-weight: 400;\">Nous pouvons partager les donn\u00e9es utilisateur avec les tiers suivants :<\/span><\/p>\n<ol>\n<li style=\"font-weight: 400;\" aria-level=\"1\"><span style=\"font-weight: 400;\">Logiciel de paiement<\/span><\/li>\n<li style=\"font-weight: 400;\" aria-level=\"1\"><span style=\"font-weight: 400;\">Logiciel de transport<\/span><\/li>\n<\/ol>\n<p><span style=\"font-weight: 400;\">Nous pouvons partager les donn\u00e9es utilisateur avec des tiers aux fins suivantes :<\/span><\/p>\n<ol>\n<li style=\"font-weight: 400;\" aria-level=\"1\"><span style=\"font-weight: 400;\">Informations de paiement<\/span><\/li>\n<li style=\"font-weight: 400;\" aria-level=\"1\"><span style=\"font-weight: 400;\">Adresse<\/span><\/li>\n<\/ol>\n<p><span style=\"font-weight: 400;\">Les tiers ne seront pas en mesure d\u2019acc\u00e9der aux donn\u00e9es des utilisateurs au-del\u00e0 de ce qui est raisonnablement n\u00e9cessaire pour atteindre l\u2019objectif donn\u00e9.<\/span><\/p>\n<h4>Autres divulgations<\/h4>\n<p><span style=\"font-weight: 400;\">Nous nous engageons \u00e0 ne pas vendre ou partager vos donn\u00e9es avec d&rsquo;autres tiers, sauf dans les cas suivants :<\/span><\/p>\n<ol>\n<li style=\"font-weight: 400;\" aria-level=\"1\"><span style=\"font-weight: 400;\">si la loi l&rsquo;exige<\/span><span style=\"font-weight: 400;\"><br \/>\n<\/span><\/li>\n<li style=\"font-weight: 400;\" aria-level=\"1\"><span style=\"font-weight: 400;\">si elle est requise pour toute proc\u00e9dure judiciaire<\/span><\/li>\n<li style=\"font-weight: 400;\" aria-level=\"1\"><span style=\"font-weight: 400;\">pour prouver ou prot\u00e9ger nos droits l\u00e9gaux<\/span><\/li>\n<li style=\"font-weight: 400;\" aria-level=\"1\"><span style=\"font-weight: 400;\">\u00e0 des acheteurs ou des acheteurs potentiels de cette soci\u00e9t\u00e9 dans le cas o\u00f9 nous cherchons \u00e0 la vendre la soci\u00e9t\u00e9<\/span><\/li>\n<\/ol>\n<p><span style=\"font-weight: 400;\">Si vous suivez des hyperliens de notre site vers un autre site, veuillez noter que nous ne sommes pas responsables et n\u2019avons pas de contr\u00f4le sur leurs politiques et pratiques de confidentialit\u00e9.<\/span><\/p>\n<h4>Combien de temps nous stockons les donn\u00e9es personnelles<\/h4>\n<p><span style=\"font-weight: 400;\">Nous ne conservons pas les donn\u00e9es des utilisateurs au-del\u00e0 de ce qui est n\u00e9cessaire pour atteindre les fins pour lesquelles elles sont recueillies.<\/span><\/p>\n<h4>Comment nous prot\u00e9geons vos donn\u00e9es personnelles<\/h4>\n<p><span style=\"font-weight: 400;\">Afin d\u2019assurer la protection de votre s\u00e9curit\u00e9, nous utilisons le protocole de s\u00e9curit\u00e9 de la couche transport pour transmettre des renseignements personnels dans notre syst\u00e8me.<\/span><\/p>\n<p><span style=\"font-weight: 400;\">Toutes les donn\u00e9es stock\u00e9es dans notre syst\u00e8me sont bien s\u00e9curis\u00e9es et ne sont accessibles qu\u2019\u00e0 nos employ\u00e9s. Nos employ\u00e9s sont li\u00e9s par des accords de confidentialit\u00e9 stricts et une violation de cet accord entra\u00eenerait le licenciement de l&#8217;employ\u00e9.<\/span><\/p>\n<p><span style=\"font-weight: 400;\">Alors que nous prenons toutes les pr\u00e9cautions raisonnables pour nous assurer que nos donn\u00e9es d\u2019utilisateur sont s\u00e9curis\u00e9es et que les utilisateurs sont prot\u00e9g\u00e9s, il reste toujours un risque de pr\u00e9judice. L\u2019Internet en sa totalit\u00e9 peut \u00eatre, parfois, peu s\u00fbr et donc nous sommes incapables de garantir la s\u00e9curit\u00e9 des donn\u00e9es des utilisateurs au-del\u00e0 de ce qui est raisonnablement pratique.<\/span><\/p>\n<h4>Transferts internationaux de donn\u00e9es<\/h4>\n<p><span style=\"font-weight: 400;\">Les donn\u00e9es utilisateur peuvent \u00eatre consult\u00e9es, trait\u00e9es ou collect\u00e9es dans les pays suivants : Canada<\/span><span style=\"font-weight: 400;\"><br \/>\n<\/span><\/p>\n<h4><b>Mineurs<\/b><\/h4>\n<p><span style=\"font-weight: 400;\">Pour les r\u00e9sidents de l\u2019UE, le RGPD pr\u00e9cise que les personnes de moins de 15 ans sont consid\u00e9r\u00e9es comme des mineurs aux fins de la collecte de donn\u00e9es. Les mineurs doivent avoir le consentement d\u2019un repr\u00e9sentant l\u00e9gal pour que leurs donn\u00e9es soient recueillies, trait\u00e9es et utilis\u00e9es.<\/span><\/p>\n<p><span style=\"font-weight: 400;\">Nous n\u2019avons pas l\u2019intention de recueillir ou d\u2019utiliser des donn\u00e9es aupr\u00e8s d\u2019utilisateurs mineurs. Si nous d\u00e9couvrons que nous avons recueilli des donn\u00e9es d\u2019un mineur, ces donn\u00e9es seront supprim\u00e9es imm\u00e9diatement.<\/span><\/p>\n<h4><b>Vos droits en tant qu\u2019utilisateur<\/b><\/h4>\n<p><span style=\"font-weight: 400;\">En tant qu\u2019utilisateur, vous avez le droit d\u2019acc\u00e9der \u00e0 toutes vos donn\u00e9es personnelles que nous avons collect\u00e9es. En outre, vous avez le droit de mettre \u00e0 jour ou de corriger toute donn\u00e9e personnelle en notre possession \u00e0 condition qu\u2019elle soit acceptable en vertu de la loi.<\/span><\/p>\n<p><span style=\"font-weight: 400;\">Vous pouvez choisir de supprimer ou de modifier votre consentement \u00e0 la collecte et \u00e0 l\u2019utilisation des donn\u00e9es en tout temps, pourvu qu\u2019il soit l\u00e9galement acceptable de le faire et que vous nous en ayez inform\u00e9 dans un d\u00e9lai raisonnable.<\/span><\/p>\n<h4><b>Comment modifier, supprimer ou contester les donn\u00e9es recueillies<\/b><\/h4>\n<p><span style=\"font-weight: 400;\">Si vous souhaitez que vos renseignements soient supprim\u00e9s ou modifi\u00e9s d\u2019une fa\u00e7on ou d\u2019une autre, veuillez communiquer avec notre agent de protection de la vie priv\u00e9e ici :<\/span><\/p>\n<p><span style=\"font-weight: 400;\">Charles Henri <\/span><a href=\"mailto:info@revol.sport\"><span style=\"font-weight: 400;\">info@revol.sport<\/span><\/a><\/p>\n<h3>Politique sur les cookies<\/h3>\n<p><span style=\"font-weight: 400;\">Un cookie est un petit fichier, stock\u00e9 sur le disque dur d\u2019un utilisateur par le site Web. Son but est de recueillir des donn\u00e9es relatives aux habitudes de navigation de l\u2019utilisateur.<\/span><\/p>\n<p><span style=\"font-weight: 400;\">Nous utilisons les types de cookies suivants sur notre site :<\/span><span style=\"font-weight: 400;\"><br \/>\n<\/span><\/p>\n<h4><b>Cookies fonctionnels<\/b><\/h4>\n<p><span style=\"font-weight: 400;\">Nous les utilisons pour m\u00e9moriser toutes les s\u00e9lections que vous faites sur notre site afin qu\u2019elles soient sauvegard\u00e9es pour vos prochaines visites.<\/span><\/p>\n<h4><b>Cookies analytiques<\/b><\/h4>\n<p><span style=\"font-weight: 400;\">Cela nous permet d\u2019am\u00e9liorer la conception et la fonctionnalit\u00e9 de notre site en recueillant des donn\u00e9es sur le contenu auquel vous acc\u00e9dez et sur lequel vous vous accrochez en utilisant notre site.<\/span><\/p>\n<p><span style=\"font-weight: 400;\">Vous pouvez choisir d\u2019\u00eatre averti chaque fois qu\u2019un cookie est transmis. Vous pouvez \u00e9galement choisir de d\u00e9sactiver les cookies enti\u00e8rement dans votre navigateur Internet, mais cela peut diminuer la qualit\u00e9 de votre exp\u00e9rience d\u2019utilisation.<\/span><\/p>\n<h3><b>Modifications<\/b><\/h3>\n<p><span style=\"font-weight: 400;\">Cette politique de confidentialit\u00e9 peut \u00eatre modifi\u00e9e \u00e0 l\u2019occasion afin de maintenir la conformit\u00e9 avec la loi et de tenir compte de tout changement \u00e0 notre processus de collecte de donn\u00e9es. Nous recommandons \u00e0 nos utilisateurs de v\u00e9rifier notre politique de temps \u00e0 autre pour s\u2019assurer qu\u2019ils soient inform\u00e9s de toute mise \u00e0 jour. Au besoin, nous pouvons informer les utilisateurs par courriel des changements apport\u00e9s \u00e0 cette politique.<\/span><\/p>\n<h3><b>Contact<\/b><\/h3>\n<p><span style=\"font-weight: 400;\">Pour toute question ou commentaire , \u00e9crivez-nous \u00e0 : <\/span><a href=\"mailto:info@revol.sport\"><span style=\"font-weight: 400;\">info@revol.sport<\/span><\/a><\/p>\n<ul>\n<li style=\"list-style-type: none;\"><\/li>\n<\/ul>\n<ul>\n<li style=\"list-style-type: none;\"><\/li>\n<\/ul>\n<ul>\n<li style=\"list-style-type: none;\"><\/li>\n<\/ul>\n","protected":false},"excerpt":{"rendered":"<p>Politique de confidentialit\u00e9 Type de site : e-commerce Date d\u2019entr\u00e9e en vigueur : 1er ao\u00fbt 2022 Le but de cette politique de confidentialit\u00e9 Le but de cette politique de confidentialit\u00e9&#8230;<\/p>\n","protected":false},"author":1,"featured_media":0,"parent":0,"menu_order":0,"comment_status":"closed","ping_status":"closed","template":"","meta":{"footnotes":""},"class_list":["post-2142","page","type-page","status-publish"],"jetpack_sharing_enabled":true,"_links":{"self":[{"href":"https:\/\/revol.sport\/fr\/wp-json\/wp\/v2\/pages\/2142","targetHints":{"allow":["GET"]}}],"collection":[{"href":"https:\/\/revol.sport\/fr\/wp-json\/wp\/v2\/pages"}],"about":[{"href":"https:\/\/revol.sport\/fr\/wp-json\/wp\/v2\/types\/page"}],"author":[{"embeddable":true,"href":"https:\/\/revol.sport\/fr\/wp-json\/wp\/v2\/users\/1"}],"replies":[{"embeddable":true,"href":"https:\/\/revol.sport\/fr\/wp-json\/wp\/v2\/comments?post=2142"}],"version-history":[{"count":0,"href":"https:\/\/revol.sport\/fr\/wp-json\/wp\/v2\/pages\/2142\/revisions"}],"wp:attachment":[{"href":"https:\/\/revol.sport\/fr\/wp-json\/wp\/v2\/media?parent=2142"}],"curies":[{"name":"wp","href":"https:\/\/api.w.org\/{rel}","templated":true}]}}